{"id":8183,"date":"2024-04-10T11:20:14","date_gmt":"2024-04-10T17:20:14","guid":{"rendered":"https:\/\/labs.grupoperinola.site\/prontoenglish\/?page_id=8183"},"modified":"2026-03-07T20:54:56","modified_gmt":"2026-03-08T02:54:56","slug":"privacy-policy","status":"publish","type":"page","link":"https:\/\/prontoenglish.com\/pt\/privacy-policy\/","title":{"rendered":"Pol\u00edtica de privacidade"},"content":{"rendered":"<div data-elementor-type=\"wp-page\" data-elementor-id=\"8183\" class=\"elementor elementor-8183\" data-elementor-post-type=\"page\">\n\t\t\t\t<div class=\"elementor-element elementor-element-6bf5e41 e-con-full e-flex e-con e-parent\" data-id=\"6bf5e41\" data-element_type=\"container\" data-e-type=\"container\" data-settings=\"{&quot;background_background&quot;:&quot;classic&quot;}\">\n\t\t\t\t<\/div>\n\t\t<div class=\"elementor-element elementor-element-b4b852a e-con-full e-flex e-con e-parent\" data-id=\"b4b852a\" data-element_type=\"container\" data-e-type=\"container\" data-settings=\"{&quot;background_background&quot;:&quot;classic&quot;}\">\n\t\t<div class=\"elementor-element elementor-element-d4d981a e-con-full e-flex e-con e-child\" data-id=\"d4d981a\" data-element_type=\"container\" data-e-type=\"container\" data-settings=\"{&quot;background_background&quot;:&quot;classic&quot;}\">\n\t\t\t\t<div class=\"elementor-element elementor-element-7623502 elementor-widget elementor-widget-heading\" data-id=\"7623502\" data-element_type=\"widget\" data-e-type=\"widget\" data-widget_type=\"heading.default\">\n\t\t\t\t<div class=\"elementor-widget-container\">\n\t\t\t\t\t<h2 class=\"elementor-heading-title elementor-size-default\">1<\/h2>\t\t\t\t<\/div>\n\t\t\t\t<\/div>\n\t\t\t\t<div class=\"elementor-element elementor-element-c106c8c elementor-widget elementor-widget-heading\" data-id=\"c106c8c\" data-element_type=\"widget\" data-e-type=\"widget\" data-widget_type=\"heading.default\">\n\t\t\t\t<div class=\"elementor-widget-container\">\n\t\t\t\t\t<h4 class=\"elementor-heading-title elementor-size-default\">Informa\u00e7\u00f5es que coletamos:<\/h4>\t\t\t\t<\/div>\n\t\t\t\t<\/div>\n\t\t\t\t<div class=\"elementor-element elementor-element-27adf32 elementor-widget elementor-widget-text-editor\" data-id=\"27adf32\" data-element_type=\"widget\" data-e-type=\"widget\" data-widget_type=\"text-editor.default\">\n\t\t\t\t<div class=\"elementor-widget-container\">\n\t\t\t\t\t\t\t\t\t<p><strong>Informa\u00e7\u00f5es que voc\u00ea nos fornece:<\/strong> __OPENROUTER_FAILED__.<\/p>\n<p><strong>Navegando informa\u00e7\u00f5es:<\/strong> Coletamos informa\u00e7\u00f5es sobre sua atividade em nosso site, como as p\u00e1ginas que voc\u00ea visita, os produtos que visualiza e as pesquisas que realiza.<\/p>\n<p><strong>Informa\u00e7\u00f5es do dispositivo:<\/strong> __OPENROUTER_FAILED__.<\/p>\t\t\t\t\t\t\t\t<\/div>\n\t\t\t\t<\/div>\n\t\t\t\t<\/div>\n\t\t<div class=\"elementor-element elementor-element-f895e03 e-con-full e-flex e-con e-child\" data-id=\"f895e03\" data-element_type=\"container\" data-e-type=\"container\" data-settings=\"{&quot;background_background&quot;:&quot;classic&quot;}\">\n\t\t\t\t<div class=\"elementor-element elementor-element-1a8df78 elementor-widget elementor-widget-heading\" data-id=\"1a8df78\" data-element_type=\"widget\" data-e-type=\"widget\" data-widget_type=\"heading.default\">\n\t\t\t\t<div class=\"elementor-widget-container\">\n\t\t\t\t\t<h2 class=\"elementor-heading-title elementor-size-default\">2<\/h2>\t\t\t\t<\/div>\n\t\t\t\t<\/div>\n\t\t\t\t<div class=\"elementor-element elementor-element-adc2949 elementor-widget elementor-widget-heading\" data-id=\"adc2949\" data-element_type=\"widget\" data-e-type=\"widget\" data-widget_type=\"heading.default\">\n\t\t\t\t<div class=\"elementor-widget-container\">\n\t\t\t\t\t<h4 class=\"elementor-heading-title elementor-size-default\">Como usamos suas informa\u00e7\u00f5es:<\/h4>\t\t\t\t<\/div>\n\t\t\t\t<\/div>\n\t\t\t\t<div class=\"elementor-element elementor-element-3ff9751 elementor-widget elementor-widget-text-editor\" data-id=\"3ff9751\" data-element_type=\"widget\" data-e-type=\"widget\" data-widget_type=\"text-editor.default\">\n\t\t\t\t<div class=\"elementor-widget-container\">\n\t\t\t\t\t\t\t\t\t<p><strong>Para fornecer os servi\u00e7os que voc\u00ea solicita:<\/strong> __OPENROUTER_FAILED__.<\/p>\n<p><strong>Para melhorar nosso site:<\/strong> __OPENROUTER_FAILED__.<\/p>\n<p><strong>Para fins legais e de seguran\u00e7a:<\/strong> __OPENROUTER_FAILED__.<\/p>\t\t\t\t\t\t\t\t<\/div>\n\t\t\t\t<\/div>\n\t\t\t\t<\/div>\n\t\t<div class=\"elementor-element elementor-element-c68fdea e-con-full e-flex e-con e-child\" data-id=\"c68fdea\" data-element_type=\"container\" data-e-type=\"container\" data-settings=\"{&quot;background_background&quot;:&quot;classic&quot;}\">\n\t\t\t\t<div class=\"elementor-element elementor-element-0d67dbe elementor-widget elementor-widget-heading\" data-id=\"0d67dbe\" data-element_type=\"widget\" data-e-type=\"widget\" data-widget_type=\"heading.default\">\n\t\t\t\t<div class=\"elementor-widget-container\">\n\t\t\t\t\t<h2 class=\"elementor-heading-title elementor-size-default\">3<\/h2>\t\t\t\t<\/div>\n\t\t\t\t<\/div>\n\t\t\t\t<div class=\"elementor-element elementor-element-9daa0ca elementor-widget elementor-widget-heading\" data-id=\"9daa0ca\" data-element_type=\"widget\" data-e-type=\"widget\" data-widget_type=\"heading.default\">\n\t\t\t\t<div class=\"elementor-widget-container\">\n\t\t\t\t\t<h4 class=\"elementor-heading-title elementor-size-default\">Como compartilhamos suas informa\u00e7\u00f5es:<\/h4>\t\t\t\t<\/div>\n\t\t\t\t<\/div>\n\t\t\t\t<div class=\"elementor-element elementor-element-18d8ff1 elementor-widget elementor-widget-text-editor\" data-id=\"18d8ff1\" data-element_type=\"widget\" data-e-type=\"widget\" data-widget_type=\"text-editor.default\">\n\t\t\t\t<div class=\"elementor-widget-container\">\n\t\t\t\t\t\t\t\t\t<p><strong>Com provedores de servi\u00e7os:<\/strong> Compartilhamos suas informa\u00e7\u00f5es com provedores de servi\u00e7os que nos ajudam a operar nosso neg\u00f3cio, como processadores de pagamento e provedores de servi\u00e7os de marketing.<\/p>\n<p><strong>Com pessoas jur\u00eddicas:<\/strong> __OPENROUTER_FAILED__.<\/p>\n<p><strong>Com o seu consentimento:<\/strong> Compartilhamos suas informa\u00e7\u00f5es com outras partes apenas com o seu consentimento.<\/p>\t\t\t\t\t\t\t\t<\/div>\n\t\t\t\t<\/div>\n\t\t\t\t<\/div>\n\t\t<div class=\"elementor-element elementor-element-8a43e21 e-con-full e-flex e-con e-child\" data-id=\"8a43e21\" data-element_type=\"container\" data-e-type=\"container\" data-settings=\"{&quot;background_background&quot;:&quot;classic&quot;}\">\n\t\t\t\t<div class=\"elementor-element elementor-element-29d4437 elementor-widget elementor-widget-heading\" data-id=\"29d4437\" data-element_type=\"widget\" data-e-type=\"widget\" data-widget_type=\"heading.default\">\n\t\t\t\t<div class=\"elementor-widget-container\">\n\t\t\t\t\t<h2 class=\"elementor-heading-title elementor-size-default\">4<\/h2>\t\t\t\t<\/div>\n\t\t\t\t<\/div>\n\t\t\t\t<div class=\"elementor-element elementor-element-eb58169 elementor-widget elementor-widget-heading\" data-id=\"eb58169\" data-element_type=\"widget\" data-e-type=\"widget\" data-widget_type=\"heading.default\">\n\t\t\t\t<div class=\"elementor-widget-container\">\n\t\t\t\t\t<h4 class=\"elementor-heading-title elementor-size-default\">Seus direitos:<\/h4>\t\t\t\t<\/div>\n\t\t\t\t<\/div>\n\t\t\t\t<div class=\"elementor-element elementor-element-0847219 elementor-widget elementor-widget-text-editor\" data-id=\"0847219\" data-element_type=\"widget\" data-e-type=\"widget\" data-widget_type=\"text-editor.default\">\n\t\t\t\t<div class=\"elementor-widget-container\">\n\t\t\t\t\t\t\t\t\t<p><strong>Acesso \u00e0s suas informa\u00e7\u00f5es:<\/strong> __OPENROUTER_FAILED__.<\/p>\n<p><strong>Obje\u00e7\u00e3o ao processamento de suas informa\u00e7\u00f5es:<\/strong> __OPENROUTER_FAILED__.<\/p>\n<p><strong>Retirada do seu consentimento:<\/strong> __OPENROUTER_FAILED__.<\/p>\t\t\t\t\t\t\t\t<\/div>\n\t\t\t\t<\/div>\n\t\t\t\t<\/div>\n\t\t\t\t<\/div>\n\t\t\t\t<\/div>","protected":false},"excerpt":{"rendered":"<p>1 Information we collect: Information you provide to us: We collect information you provide directly, such as your name, email address, phone number, mailing address, and payment information. Browsing information: We collect information about your activity on our website, such as the pages you visit, the products you view, and the searches you perform. Device [&hellip;]<\/p>\n","protected":false},"author":4,"featured_media":0,"parent":0,"menu_order":0,"comment_status":"closed","ping_status":"closed","template":"elementor_header_footer","meta":{"footnotes":""},"class_list":["post-8183","page","type-page","status-publish","hentry"],"_links":{"self":[{"href":"https:\/\/prontoenglish.com\/pt\/wp-json\/wp\/v2\/pages\/8183","targetHints":{"allow":["GET"]}}],"collection":[{"href":"https:\/\/prontoenglish.com\/pt\/wp-json\/wp\/v2\/pages"}],"about":[{"href":"https:\/\/prontoenglish.com\/pt\/wp-json\/wp\/v2\/types\/page"}],"author":[{"embeddable":true,"href":"https:\/\/prontoenglish.com\/pt\/wp-json\/wp\/v2\/users\/4"}],"replies":[{"embeddable":true,"href":"https:\/\/prontoenglish.com\/pt\/wp-json\/wp\/v2\/comments?post=8183"}],"version-history":[{"count":8,"href":"https:\/\/prontoenglish.com\/pt\/wp-json\/wp\/v2\/pages\/8183\/revisions"}],"predecessor-version":[{"id":8950,"href":"https:\/\/prontoenglish.com\/pt\/wp-json\/wp\/v2\/pages\/8183\/revisions\/8950"}],"wp:attachment":[{"href":"https:\/\/prontoenglish.com\/pt\/wp-json\/wp\/v2\/media?parent=8183"}],"curies":[{"name":"wp","href":"https:\/\/api.w.org\/{rel}","templated":true}]}}