{"id":38,"date":"2021-02-19T17:13:39","date_gmt":"2021-02-19T23:13:39","guid":{"rendered":"https:\/\/labs.grupoperinola.site\/prontoenglish\/?page_id=38"},"modified":"2026-03-07T20:31:51","modified_gmt":"2026-03-08T02:31:51","slug":"plans-and-prices","status":"publish","type":"page","link":"https:\/\/prontoenglish.com\/pt\/plans-and-prices\/","title":{"rendered":"Planos e pre\u00e7os"},"content":{"rendered":"<div data-elementor-type=\"wp-page\" data-elementor-id=\"38\" class=\"elementor elementor-38\" data-elementor-post-type=\"page\">\n\t\t\t\t<div class=\"elementor-element elementor-element-cea8929 e-con-full e-flex e-con e-parent\" data-id=\"cea8929\" data-element_type=\"container\" data-e-type=\"container\" data-settings=\"{&quot;background_background&quot;:&quot;classic&quot;}\">\n\t\t\t\t<div class=\"elementor-element elementor-element-1bcf96d elementor-widget__width-initial elementor-widget elementor-widget-heading\" data-id=\"1bcf96d\" data-element_type=\"widget\" data-e-type=\"widget\" data-widget_type=\"heading.default\">\n\t\t\t\t<div class=\"elementor-widget-container\">\n\t\t\t\t\t<h2 class=\"elementor-heading-title elementor-size-default\">Saiba mais sobre nossos planos<\/h2>\t\t\t\t<\/div>\n\t\t\t\t<\/div>\n\t\t\t\t<div class=\"elementor-element elementor-element-41b65a8 elementor-widget__width-initial elementor-widget-mobile__width-inherit elementor-widget elementor-widget-text-editor\" data-id=\"41b65a8\" data-element_type=\"widget\" data-e-type=\"widget\" data-widget_type=\"text-editor.default\">\n\t\t\t\t<div class=\"elementor-widget-container\">\n\t\t\t\t\t\t\t\t\t<p>Ao adquirir uma associa\u00e7\u00e3o, voc\u00ea ter\u00e1 acesso a professores especializados no ensino do seu n\u00edvel de ingl\u00eas e acesso a aulas e exerc\u00edcios interativos on-line de ingl\u00eas ESL para autoaprendizagem para o seu n\u00edvel de ingl\u00eas.<\/p>\t\t\t\t\t\t\t\t<\/div>\n\t\t\t\t<\/div>\n\t\t\t\t<div class=\"elementor-element elementor-element-e9021c7 elementor-align-center elementor-widget elementor-widget-button\" data-id=\"e9021c7\" data-element_type=\"widget\" data-e-type=\"widget\" data-widget_type=\"button.default\">\n\t\t\t\t<div class=\"elementor-widget-container\">\n\t\t\t\t\t\t\t\t\t<div class=\"elementor-button-wrapper\">\n\t\t\t\t\t<a class=\"elementor-button elementor-button-link elementor-size-sm\" href=\"https:\/\/app.prontoenglish.com\/register\">\n\t\t\t\t\t\t<span class=\"elementor-button-content-wrapper\">\n\t\t\t\t\t\t\t\t\t<span class=\"elementor-button-text\">Comece hoje<\/span>\n\t\t\t\t\t<\/span>\n\t\t\t\t\t<\/a>\n\t\t\t\t<\/div>\n\t\t\t\t\t\t\t\t<\/div>\n\t\t\t\t<\/div>\n\t\t<div class=\"elementor-element elementor-element-8a8ca4f e-con-full e-flex e-con e-child\" data-id=\"8a8ca4f\" data-element_type=\"container\" data-e-type=\"container\">\n\t\t<div class=\"elementor-element elementor-element-e8e5a31 e-con-full e-flex e-con e-child\" data-id=\"e8e5a31\" data-element_type=\"container\" data-e-type=\"container\" data-settings=\"{&quot;background_background&quot;:&quot;classic&quot;}\">\n\t\t\t\t<div class=\"elementor-element elementor-element-84dc85c elementor-widget__width-initial elementor-widget elementor-widget-heading\" data-id=\"84dc85c\" data-element_type=\"widget\" data-e-type=\"widget\" data-widget_type=\"heading.default\">\n\t\t\t\t<div class=\"elementor-widget-container\">\n\t\t\t\t\t<h4 class=\"elementor-heading-title elementor-size-default\">Iniciantes<\/h4>\t\t\t\t<\/div>\n\t\t\t\t<\/div>\n\t\t\t\t<div class=\"elementor-element elementor-element-2cd0a08 elementor-widget elementor-widget-heading\" data-id=\"2cd0a08\" data-element_type=\"widget\" data-e-type=\"widget\" data-widget_type=\"heading.default\">\n\t\t\t\t<div class=\"elementor-widget-container\">\n\t\t\t\t\t<h1 class=\"elementor-heading-title elementor-size-default\">$174.99<\/h1>\t\t\t\t<\/div>\n\t\t\t\t<\/div>\n\t\t\t\t<div class=\"elementor-element elementor-element-977cb67 elementor-widget elementor-widget-heading\" data-id=\"977cb67\" data-element_type=\"widget\" data-e-type=\"widget\" data-widget_type=\"heading.default\">\n\t\t\t\t<div class=\"elementor-widget-container\">\n\t\t\t\t\t<h5 class=\"elementor-heading-title elementor-size-default\">3 meses\n<\/h5>\t\t\t\t<\/div>\n\t\t\t\t<\/div>\n\t\t\t\t<div class=\"elementor-element elementor-element-6f6ce9a elementor-widget elementor-widget-heading\" data-id=\"6f6ce9a\" data-element_type=\"widget\" data-e-type=\"widget\" data-widget_type=\"heading.default\">\n\t\t\t\t<div class=\"elementor-widget-container\">\n\t\t\t\t\t<h6 class=\"elementor-heading-title elementor-size-default\">Voc\u00ea pode selecionar Pagamento total ou Pagamento mensal<\/h6>\t\t\t\t<\/div>\n\t\t\t\t<\/div>\n\t\t\t\t<div class=\"elementor-element elementor-element-d8916a4 elementor-widget-divider--view-line elementor-widget elementor-widget-divider\" data-id=\"d8916a4\" data-element_type=\"widget\" data-e-type=\"widget\" data-widget_type=\"divider.default\">\n\t\t\t\t<div class=\"elementor-widget-container\">\n\t\t\t\t\t\t\t<div class=\"elementor-divider\">\n\t\t\t<span class=\"elementor-divider-separator\">\n\t\t\t\t\t\t<\/span>\n\t\t<\/div>\n\t\t\t\t\t\t<\/div>\n\t\t\t\t<\/div>\n\t\t\t\t<div class=\"elementor-element elementor-element-9acb565 elementor-widget elementor-widget-text-editor\" data-id=\"9acb565\" data-element_type=\"widget\" data-e-type=\"widget\" data-widget_type=\"text-editor.default\">\n\t\t\t\t<div class=\"elementor-widget-container\">\n\t\t\t\t\t\t\t\t\t<p>Acesso especial de membro a li\u00e7\u00f5es, exerc\u00edcios e conte\u00fado de ESL em ritmo pr\u00f3prio. CFER A1-A2<\/p><p>Programa de curso personalizado criado pelo professor e guia de progresso<\/p><p>4 aulas de ingl\u00eas ao vivo individuais de cortesia. Cada aula tem 50 minutos de dura\u00e7\u00e3o.<\/p><p>Aulas individuais adicionais podem ser adquiridas a qualquer momento por $24 por aula.<\/p>\t\t\t\t\t\t\t\t<\/div>\n\t\t\t\t<\/div>\n\t\t\t\t<\/div>\n\t\t<div class=\"elementor-element elementor-element-4a28741 e-con-full e-flex e-con e-child\" data-id=\"4a28741\" data-element_type=\"container\" data-e-type=\"container\" data-settings=\"{&quot;background_background&quot;:&quot;classic&quot;}\">\n\t\t\t\t<div class=\"elementor-element elementor-element-0cee69b elementor-widget__width-initial elementor-widget elementor-widget-heading\" data-id=\"0cee69b\" data-element_type=\"widget\" data-e-type=\"widget\" data-widget_type=\"heading.default\">\n\t\t\t\t<div class=\"elementor-widget-container\">\n\t\t\t\t\t<h4 class=\"elementor-heading-title elementor-size-default\">Intermedi\u00e1rio<\/h4>\t\t\t\t<\/div>\n\t\t\t\t<\/div>\n\t\t\t\t<div class=\"elementor-element elementor-element-eaa20b5 elementor-widget elementor-widget-heading\" data-id=\"eaa20b5\" data-element_type=\"widget\" data-e-type=\"widget\" data-widget_type=\"heading.default\">\n\t\t\t\t<div class=\"elementor-widget-container\">\n\t\t\t\t\t<h1 class=\"elementor-heading-title elementor-size-default\">$228.99<\/h1>\t\t\t\t<\/div>\n\t\t\t\t<\/div>\n\t\t\t\t<div class=\"elementor-element elementor-element-2364f98 elementor-widget elementor-widget-heading\" data-id=\"2364f98\" data-element_type=\"widget\" data-e-type=\"widget\" data-widget_type=\"heading.default\">\n\t\t\t\t<div class=\"elementor-widget-container\">\n\t\t\t\t\t<h5 class=\"elementor-heading-title elementor-size-default\">3 meses\n<\/h5>\t\t\t\t<\/div>\n\t\t\t\t<\/div>\n\t\t\t\t<div class=\"elementor-element elementor-element-9f8d9aa elementor-widget elementor-widget-heading\" data-id=\"9f8d9aa\" data-element_type=\"widget\" data-e-type=\"widget\" data-widget_type=\"heading.default\">\n\t\t\t\t<div class=\"elementor-widget-container\">\n\t\t\t\t\t<h6 class=\"elementor-heading-title elementor-size-default\">Voc\u00ea pode selecionar Pagamento total ou Pagamento mensal<\/h6>\t\t\t\t<\/div>\n\t\t\t\t<\/div>\n\t\t\t\t<div class=\"elementor-element elementor-element-6a60f7a elementor-widget-divider--view-line elementor-widget elementor-widget-divider\" data-id=\"6a60f7a\" data-element_type=\"widget\" data-e-type=\"widget\" data-widget_type=\"divider.default\">\n\t\t\t\t<div class=\"elementor-widget-container\">\n\t\t\t\t\t\t\t<div class=\"elementor-divider\">\n\t\t\t<span class=\"elementor-divider-separator\">\n\t\t\t\t\t\t<\/span>\n\t\t<\/div>\n\t\t\t\t\t\t<\/div>\n\t\t\t\t<\/div>\n\t\t\t\t<div class=\"elementor-element elementor-element-eda5f43 elementor-widget elementor-widget-text-editor\" data-id=\"eda5f43\" data-element_type=\"widget\" data-e-type=\"widget\" data-widget_type=\"text-editor.default\">\n\t\t\t\t<div class=\"elementor-widget-container\">\n\t\t\t\t\t\t\t\t\t<p>Acesso especial de membro a li\u00e7\u00f5es, exerc\u00edcios e conte\u00fado de ESL em ritmo pr\u00f3prio. CFER B1-B2<\/p><p>Programa de curso personalizado criado pelo professor e guia de progresso<\/p><p>4 aulas de ingl\u00eas ao vivo individuais de cortesia. Cada aula tem 50 minutos de dura\u00e7\u00e3o.<\/p><p>Aulas individuais adicionais podem ser adquiridas a qualquer momento por $24 por aula.<\/p>\t\t\t\t\t\t\t\t<\/div>\n\t\t\t\t<\/div>\n\t\t\t\t<\/div>\n\t\t<div class=\"elementor-element elementor-element-ed5f46d e-con-full e-flex e-con e-child\" data-id=\"ed5f46d\" data-element_type=\"container\" data-e-type=\"container\" data-settings=\"{&quot;background_background&quot;:&quot;classic&quot;}\">\n\t\t\t\t<div class=\"elementor-element elementor-element-ef2957d elementor-widget__width-initial elementor-widget elementor-widget-heading\" data-id=\"ef2957d\" data-element_type=\"widget\" data-e-type=\"widget\" data-widget_type=\"heading.default\">\n\t\t\t\t<div class=\"elementor-widget-container\">\n\t\t\t\t\t<h4 class=\"elementor-heading-title elementor-size-default\">Avan\u00e7ado<\/h4>\t\t\t\t<\/div>\n\t\t\t\t<\/div>\n\t\t\t\t<div class=\"elementor-element elementor-element-c62f9b8 elementor-widget elementor-widget-heading\" data-id=\"c62f9b8\" data-element_type=\"widget\" data-e-type=\"widget\" data-widget_type=\"heading.default\">\n\t\t\t\t<div class=\"elementor-widget-container\">\n\t\t\t\t\t<h1 class=\"elementor-heading-title elementor-size-default\">$274.99<\/h1>\t\t\t\t<\/div>\n\t\t\t\t<\/div>\n\t\t\t\t<div class=\"elementor-element elementor-element-226a7c1 elementor-widget elementor-widget-heading\" data-id=\"226a7c1\" data-element_type=\"widget\" data-e-type=\"widget\" data-widget_type=\"heading.default\">\n\t\t\t\t<div class=\"elementor-widget-container\">\n\t\t\t\t\t<h5 class=\"elementor-heading-title elementor-size-default\">3 meses\n<\/h5>\t\t\t\t<\/div>\n\t\t\t\t<\/div>\n\t\t\t\t<div class=\"elementor-element elementor-element-c092184 elementor-widget elementor-widget-heading\" data-id=\"c092184\" data-element_type=\"widget\" data-e-type=\"widget\" data-widget_type=\"heading.default\">\n\t\t\t\t<div class=\"elementor-widget-container\">\n\t\t\t\t\t<h6 class=\"elementor-heading-title elementor-size-default\">Voc\u00ea pode selecionar Pagamento total ou Pagamento mensal<\/h6>\t\t\t\t<\/div>\n\t\t\t\t<\/div>\n\t\t\t\t<div class=\"elementor-element elementor-element-039afbc elementor-widget-divider--view-line elementor-widget elementor-widget-divider\" data-id=\"039afbc\" data-element_type=\"widget\" data-e-type=\"widget\" data-widget_type=\"divider.default\">\n\t\t\t\t<div class=\"elementor-widget-container\">\n\t\t\t\t\t\t\t<div class=\"elementor-divider\">\n\t\t\t<span class=\"elementor-divider-separator\">\n\t\t\t\t\t\t<\/span>\n\t\t<\/div>\n\t\t\t\t\t\t<\/div>\n\t\t\t\t<\/div>\n\t\t\t\t<div class=\"elementor-element elementor-element-1769fda elementor-widget elementor-widget-text-editor\" data-id=\"1769fda\" data-element_type=\"widget\" data-e-type=\"widget\" data-widget_type=\"text-editor.default\">\n\t\t\t\t<div class=\"elementor-widget-container\">\n\t\t\t\t\t\t\t\t\t<p>Acesso especial de associa\u00e7\u00e3o a li\u00e7\u00f5es, exerc\u00edcios e conte\u00fado de ESL em ritmo pr\u00f3prio. CFER B2-C2<\/p><p>Programa de curso personalizado criado pelo professor e guia de progresso<\/p><p>4 aulas de ingl\u00eas ao vivo individuais de cortesia. Cada aula tem 50 minutos de dura\u00e7\u00e3o.<\/p><p>Aulas individuais adicionais podem ser adquiridas a qualquer momento por $24 por aula.<\/p>\t\t\t\t\t\t\t\t<\/div>\n\t\t\t\t<\/div>\n\t\t\t\t<\/div>\n\t\t\t\t<\/div>\n\t\t\t\t<div class=\"elementor-element elementor-element-f3e4f8e elementor-widget__width-initial elementor-widget elementor-widget-text-editor\" data-id=\"f3e4f8e\" data-element_type=\"widget\" data-e-type=\"widget\" data-widget_type=\"text-editor.default\">\n\t\t\t\t<div class=\"elementor-widget-container\">\n\t\t\t\t\t\t\t\t\t<p>No ProntoEnglish, voc\u00ea pode aprender a falar ingl\u00eas <strong>sem compromissos ou contratos<\/strong>. Nossos planos s\u00e3o adaptados \u00e0s suas necessidades, com op\u00e7\u00f5es flex\u00edveis de pagamento e parcelamento.<\/p>\t\t\t\t\t\t\t\t<\/div>\n\t\t\t\t<\/div>\n\t\t\t\t<\/div>\n\t\t\t\t<\/div>","protected":false},"excerpt":{"rendered":"<p>Learn about our plans When you purchase a membership, you will have access to teachers specialized in teaching your level of English and access to online self-study ESL English interactive lessons and exercises for your level of English. Start Today Beginners $174.99 3 months You can select Total Payment or Monthly Payment Special membership access [&hellip;]<\/p>\n","protected":false},"author":2,"featured_media":0,"parent":0,"menu_order":0,"comment_status":"closed","ping_status":"closed","template":"elementor_header_footer","meta":{"footnotes":""},"class_list":["post-38","page","type-page","status-publish","hentry"],"_links":{"self":[{"href":"https:\/\/prontoenglish.com\/pt\/wp-json\/wp\/v2\/pages\/38","targetHints":{"allow":["GET"]}}],"collection":[{"href":"https:\/\/prontoenglish.com\/pt\/wp-json\/wp\/v2\/pages"}],"about":[{"href":"https:\/\/prontoenglish.com\/pt\/wp-json\/wp\/v2\/types\/page"}],"author":[{"embeddable":true,"href":"https:\/\/prontoenglish.com\/pt\/wp-json\/wp\/v2\/users\/2"}],"replies":[{"embeddable":true,"href":"https:\/\/prontoenglish.com\/pt\/wp-json\/wp\/v2\/comments?post=38"}],"version-history":[{"count":83,"href":"https:\/\/prontoenglish.com\/pt\/wp-json\/wp\/v2\/pages\/38\/revisions"}],"predecessor-version":[{"id":8941,"href":"https:\/\/prontoenglish.com\/pt\/wp-json\/wp\/v2\/pages\/38\/revisions\/8941"}],"wp:attachment":[{"href":"https:\/\/prontoenglish.com\/pt\/wp-json\/wp\/v2\/media?parent=38"}],"curies":[{"name":"wp","href":"https:\/\/api.w.org\/{rel}","templated":true}]}}