{"id":8183,"date":"2024-04-10T11:20:14","date_gmt":"2024-04-10T17:20:14","guid":{"rendered":"https:\/\/labs.grupoperinola.site\/prontoenglish\/?page_id=8183"},"modified":"2026-03-07T20:54:56","modified_gmt":"2026-03-08T02:54:56","slug":"privacy-policy","status":"publish","type":"page","link":"https:\/\/prontoenglish.com\/es_mx\/privacy-policy\/","title":{"rendered":"Pol\u00edtica de privacidad"},"content":{"rendered":"<div data-elementor-type=\"wp-page\" data-elementor-id=\"8183\" class=\"elementor elementor-8183\" data-elementor-post-type=\"page\">\n\t\t\t\t<div class=\"elementor-element elementor-element-6bf5e41 e-con-full e-flex e-con e-parent\" data-id=\"6bf5e41\" data-element_type=\"container\" data-e-type=\"container\" data-settings=\"{&quot;background_background&quot;:&quot;classic&quot;}\">\n\t\t\t\t<\/div>\n\t\t<div class=\"elementor-element elementor-element-b4b852a e-con-full e-flex e-con e-parent\" data-id=\"b4b852a\" data-element_type=\"container\" data-e-type=\"container\" data-settings=\"{&quot;background_background&quot;:&quot;classic&quot;}\">\n\t\t<div class=\"elementor-element elementor-element-d4d981a e-con-full e-flex e-con e-child\" data-id=\"d4d981a\" data-element_type=\"container\" data-e-type=\"container\" data-settings=\"{&quot;background_background&quot;:&quot;classic&quot;}\">\n\t\t\t\t<div class=\"elementor-element elementor-element-7623502 elementor-widget elementor-widget-heading\" data-id=\"7623502\" data-element_type=\"widget\" data-e-type=\"widget\" data-widget_type=\"heading.default\">\n\t\t\t\t<div class=\"elementor-widget-container\">\n\t\t\t\t\t<h2 class=\"elementor-heading-title elementor-size-default\">1<\/h2>\t\t\t\t<\/div>\n\t\t\t\t<\/div>\n\t\t\t\t<div class=\"elementor-element elementor-element-c106c8c elementor-widget elementor-widget-heading\" data-id=\"c106c8c\" data-element_type=\"widget\" data-e-type=\"widget\" data-widget_type=\"heading.default\">\n\t\t\t\t<div class=\"elementor-widget-container\">\n\t\t\t\t\t<h4 class=\"elementor-heading-title elementor-size-default\">Informaci\u00f3n que recopilamos:<\/h4>\t\t\t\t<\/div>\n\t\t\t\t<\/div>\n\t\t\t\t<div class=\"elementor-element elementor-element-27adf32 elementor-widget elementor-widget-text-editor\" data-id=\"27adf32\" data-element_type=\"widget\" data-e-type=\"widget\" data-widget_type=\"text-editor.default\">\n\t\t\t\t<div class=\"elementor-widget-container\">\n\t\t\t\t\t\t\t\t\t<p><strong>Informaci\u00f3n que nos proporciona:<\/strong> Recopilamos la informaci\u00f3n que proporcionas directamente, como tu nombre, direcci\u00f3n de correo electr\u00f3nico, n\u00famero de tel\u00e9fono, direcci\u00f3n postal e informaci\u00f3n de pago.<\/p>\n<p><strong>Navegando informaci\u00f3n<\/strong> Recopilamos informaci\u00f3n sobre tu actividad en nuestro sitio web, como las p\u00e1ginas que visitas, los productos que ves y las b\u00fasquedas que realizas.<\/p>\n<p><strong>Informaci\u00f3n del dispositivo:<\/strong> Recopilamos informaci\u00f3n sobre el dispositivo que usas para acceder a nuestro sitio web, como tu direcci\u00f3n IP, tipo de dispositivo y sistema operativo.<\/p>\t\t\t\t\t\t\t\t<\/div>\n\t\t\t\t<\/div>\n\t\t\t\t<\/div>\n\t\t<div class=\"elementor-element elementor-element-f895e03 e-con-full e-flex e-con e-child\" data-id=\"f895e03\" data-element_type=\"container\" data-e-type=\"container\" data-settings=\"{&quot;background_background&quot;:&quot;classic&quot;}\">\n\t\t\t\t<div class=\"elementor-element elementor-element-1a8df78 elementor-widget elementor-widget-heading\" data-id=\"1a8df78\" data-element_type=\"widget\" data-e-type=\"widget\" data-widget_type=\"heading.default\">\n\t\t\t\t<div class=\"elementor-widget-container\">\n\t\t\t\t\t<h2 class=\"elementor-heading-title elementor-size-default\">2<\/h2>\t\t\t\t<\/div>\n\t\t\t\t<\/div>\n\t\t\t\t<div class=\"elementor-element elementor-element-adc2949 elementor-widget elementor-widget-heading\" data-id=\"adc2949\" data-element_type=\"widget\" data-e-type=\"widget\" data-widget_type=\"heading.default\">\n\t\t\t\t<div class=\"elementor-widget-container\">\n\t\t\t\t\t<h4 class=\"elementor-heading-title elementor-size-default\">C\u00f3mo usamos tu informaci\u00f3n:<\/h4>\t\t\t\t<\/div>\n\t\t\t\t<\/div>\n\t\t\t\t<div class=\"elementor-element elementor-element-3ff9751 elementor-widget elementor-widget-text-editor\" data-id=\"3ff9751\" data-element_type=\"widget\" data-e-type=\"widget\" data-widget_type=\"text-editor.default\">\n\t\t\t\t<div class=\"elementor-widget-container\">\n\t\t\t\t\t\t\t\t\t<p><strong>Para proporcionarte los servicios que solicitas:<\/strong> __OPENROUTER_FAILED__.<\/p>\n<p><strong>Para mejorar nuestro sitio web:<\/strong> __OPENROUTER_FAILED__.<\/p>\n<p><strong>Para fines legales y de seguridad:<\/strong> __OPENROUTER_FAILED__.<\/p>\t\t\t\t\t\t\t\t<\/div>\n\t\t\t\t<\/div>\n\t\t\t\t<\/div>\n\t\t<div class=\"elementor-element elementor-element-c68fdea e-con-full e-flex e-con e-child\" data-id=\"c68fdea\" data-element_type=\"container\" data-e-type=\"container\" data-settings=\"{&quot;background_background&quot;:&quot;classic&quot;}\">\n\t\t\t\t<div class=\"elementor-element elementor-element-0d67dbe elementor-widget elementor-widget-heading\" data-id=\"0d67dbe\" data-element_type=\"widget\" data-e-type=\"widget\" data-widget_type=\"heading.default\">\n\t\t\t\t<div class=\"elementor-widget-container\">\n\t\t\t\t\t<h2 class=\"elementor-heading-title elementor-size-default\">3<\/h2>\t\t\t\t<\/div>\n\t\t\t\t<\/div>\n\t\t\t\t<div class=\"elementor-element elementor-element-9daa0ca elementor-widget elementor-widget-heading\" data-id=\"9daa0ca\" data-element_type=\"widget\" data-e-type=\"widget\" data-widget_type=\"heading.default\">\n\t\t\t\t<div class=\"elementor-widget-container\">\n\t\t\t\t\t<h4 class=\"elementor-heading-title elementor-size-default\">C\u00f3mo compartimos tu informaci\u00f3n:<\/h4>\t\t\t\t<\/div>\n\t\t\t\t<\/div>\n\t\t\t\t<div class=\"elementor-element elementor-element-18d8ff1 elementor-widget elementor-widget-text-editor\" data-id=\"18d8ff1\" data-element_type=\"widget\" data-e-type=\"widget\" data-widget_type=\"text-editor.default\">\n\t\t\t\t<div class=\"elementor-widget-container\">\n\t\t\t\t\t\t\t\t\t<p><strong>Con los proveedores de servicios:<\/strong> Compartimos tu informaci\u00f3n con proveedores de servicios que nos ayudan a operar nuestro negocio, como procesadores de pago y proveedores de servicios de marketing.<\/p>\n<p><strong>Con entidades legales:<\/strong> Compartimos su informaci\u00f3n con entidades legales cuando es necesario para cumplir con la ley o proteger nuestros derechos.<\/p>\n<p><strong>Con tu consentimiento:<\/strong> __OPENROUTER_FAILED__.<\/p>\t\t\t\t\t\t\t\t<\/div>\n\t\t\t\t<\/div>\n\t\t\t\t<\/div>\n\t\t<div class=\"elementor-element elementor-element-8a43e21 e-con-full e-flex e-con e-child\" data-id=\"8a43e21\" data-element_type=\"container\" data-e-type=\"container\" data-settings=\"{&quot;background_background&quot;:&quot;classic&quot;}\">\n\t\t\t\t<div class=\"elementor-element elementor-element-29d4437 elementor-widget elementor-widget-heading\" data-id=\"29d4437\" data-element_type=\"widget\" data-e-type=\"widget\" data-widget_type=\"heading.default\">\n\t\t\t\t<div class=\"elementor-widget-container\">\n\t\t\t\t\t<h2 class=\"elementor-heading-title elementor-size-default\">4<\/h2>\t\t\t\t<\/div>\n\t\t\t\t<\/div>\n\t\t\t\t<div class=\"elementor-element elementor-element-eb58169 elementor-widget elementor-widget-heading\" data-id=\"eb58169\" data-element_type=\"widget\" data-e-type=\"widget\" data-widget_type=\"heading.default\">\n\t\t\t\t<div class=\"elementor-widget-container\">\n\t\t\t\t\t<h4 class=\"elementor-heading-title elementor-size-default\">Tus derechos:<\/h4>\t\t\t\t<\/div>\n\t\t\t\t<\/div>\n\t\t\t\t<div class=\"elementor-element elementor-element-0847219 elementor-widget elementor-widget-text-editor\" data-id=\"0847219\" data-element_type=\"widget\" data-e-type=\"widget\" data-widget_type=\"text-editor.default\">\n\t\t\t\t<div class=\"elementor-widget-container\">\n\t\t\t\t\t\t\t\t\t<p><strong>Acceso a tu informaci\u00f3n<\/strong> __OPENROUTER_FAILED__.<\/p>\n<p><strong>Objeci\u00f3n al procesamiento de su informaci\u00f3n:<\/strong> __OPENROUTER_FAILED__.<\/p>\n<p><strong>Retiro de tu consentimiento:<\/strong> __OPENROUTER_FAILED__.<\/p>\t\t\t\t\t\t\t\t<\/div>\n\t\t\t\t<\/div>\n\t\t\t\t<\/div>\n\t\t\t\t<\/div>\n\t\t\t\t<\/div>","protected":false},"excerpt":{"rendered":"<p>1 Information we collect: Information you provide to us: We collect information you provide directly, such as your name, email address, phone number, mailing address, and payment information. Browsing information: We collect information about your activity on our website, such as the pages you visit, the products you view, and the searches you perform. Device [&hellip;]<\/p>\n","protected":false},"author":4,"featured_media":0,"parent":0,"menu_order":0,"comment_status":"closed","ping_status":"closed","template":"elementor_header_footer","meta":{"footnotes":""},"class_list":["post-8183","page","type-page","status-publish","hentry"],"_links":{"self":[{"href":"https:\/\/prontoenglish.com\/es_mx\/wp-json\/wp\/v2\/pages\/8183","targetHints":{"allow":["GET"]}}],"collection":[{"href":"https:\/\/prontoenglish.com\/es_mx\/wp-json\/wp\/v2\/pages"}],"about":[{"href":"https:\/\/prontoenglish.com\/es_mx\/wp-json\/wp\/v2\/types\/page"}],"author":[{"embeddable":true,"href":"https:\/\/prontoenglish.com\/es_mx\/wp-json\/wp\/v2\/users\/4"}],"replies":[{"embeddable":true,"href":"https:\/\/prontoenglish.com\/es_mx\/wp-json\/wp\/v2\/comments?post=8183"}],"version-history":[{"count":8,"href":"https:\/\/prontoenglish.com\/es_mx\/wp-json\/wp\/v2\/pages\/8183\/revisions"}],"predecessor-version":[{"id":8950,"href":"https:\/\/prontoenglish.com\/es_mx\/wp-json\/wp\/v2\/pages\/8183\/revisions\/8950"}],"wp:attachment":[{"href":"https:\/\/prontoenglish.com\/es_mx\/wp-json\/wp\/v2\/media?parent=8183"}],"curies":[{"name":"wp","href":"https:\/\/api.w.org\/{rel}","templated":true}]}}