{"id":38,"date":"2021-02-19T17:13:39","date_gmt":"2021-02-19T23:13:39","guid":{"rendered":"https:\/\/labs.grupoperinola.site\/prontoenglish\/?page_id=38"},"modified":"2026-03-07T20:31:51","modified_gmt":"2026-03-08T02:31:51","slug":"plans-and-prices","status":"publish","type":"page","link":"https:\/\/prontoenglish.com\/es\/plans-and-prices\/","title":{"rendered":"Planes y precios"},"content":{"rendered":"<div data-elementor-type=\"wp-page\" data-elementor-id=\"38\" class=\"elementor elementor-38\" data-elementor-post-type=\"page\">\n\t\t\t\t<div class=\"elementor-element elementor-element-cea8929 e-con-full e-flex e-con e-parent\" data-id=\"cea8929\" data-element_type=\"container\" data-e-type=\"container\" data-settings=\"{&quot;background_background&quot;:&quot;classic&quot;}\">\n\t\t\t\t<div class=\"elementor-element elementor-element-1bcf96d elementor-widget__width-initial elementor-widget elementor-widget-heading\" data-id=\"1bcf96d\" data-element_type=\"widget\" data-e-type=\"widget\" data-widget_type=\"heading.default\">\n\t\t\t\t<div class=\"elementor-widget-container\">\n\t\t\t\t\t<h2 class=\"elementor-heading-title elementor-size-default\">Conozca nuestros planes<\/h2>\t\t\t\t<\/div>\n\t\t\t\t<\/div>\n\t\t\t\t<div class=\"elementor-element elementor-element-41b65a8 elementor-widget__width-initial elementor-widget-mobile__width-inherit elementor-widget elementor-widget-text-editor\" data-id=\"41b65a8\" data-element_type=\"widget\" data-e-type=\"widget\" data-widget_type=\"text-editor.default\">\n\t\t\t\t<div class=\"elementor-widget-container\">\n\t\t\t\t\t\t\t\t\t<p>Al adquirir una suscripci\u00f3n, tendr\u00e1s acceso a profesores especializados en tu nivel de ingl\u00e9s, as\u00ed como a lecciones interactivas y ejercicios de ingl\u00e9s como segunda lengua (ESL) en l\u00ednea para que estudies por tu cuenta, adaptados a tu nivel.<\/p>\t\t\t\t\t\t\t\t<\/div>\n\t\t\t\t<\/div>\n\t\t\t\t<div class=\"elementor-element elementor-element-e9021c7 elementor-align-center elementor-widget elementor-widget-button\" data-id=\"e9021c7\" data-element_type=\"widget\" data-e-type=\"widget\" data-widget_type=\"button.default\">\n\t\t\t\t<div class=\"elementor-widget-container\">\n\t\t\t\t\t\t\t\t\t<div class=\"elementor-button-wrapper\">\n\t\t\t\t\t<a class=\"elementor-button elementor-button-link elementor-size-sm\" href=\"https:\/\/app.prontoenglish.com\/register\">\n\t\t\t\t\t\t<span class=\"elementor-button-content-wrapper\">\n\t\t\t\t\t\t\t\t\t<span class=\"elementor-button-text\">Empieza hoy mismo<\/span>\n\t\t\t\t\t<\/span>\n\t\t\t\t\t<\/a>\n\t\t\t\t<\/div>\n\t\t\t\t\t\t\t\t<\/div>\n\t\t\t\t<\/div>\n\t\t<div class=\"elementor-element elementor-element-8a8ca4f e-con-full e-flex e-con e-child\" data-id=\"8a8ca4f\" data-element_type=\"container\" data-e-type=\"container\">\n\t\t<div class=\"elementor-element elementor-element-e8e5a31 e-con-full e-flex e-con e-child\" data-id=\"e8e5a31\" data-element_type=\"container\" data-e-type=\"container\" data-settings=\"{&quot;background_background&quot;:&quot;classic&quot;}\">\n\t\t\t\t<div class=\"elementor-element elementor-element-84dc85c elementor-widget__width-initial elementor-widget elementor-widget-heading\" data-id=\"84dc85c\" data-element_type=\"widget\" data-e-type=\"widget\" data-widget_type=\"heading.default\">\n\t\t\t\t<div class=\"elementor-widget-container\">\n\t\t\t\t\t<h4 class=\"elementor-heading-title elementor-size-default\">Principiantes<\/h4>\t\t\t\t<\/div>\n\t\t\t\t<\/div>\n\t\t\t\t<div class=\"elementor-element elementor-element-2cd0a08 elementor-widget elementor-widget-heading\" data-id=\"2cd0a08\" data-element_type=\"widget\" data-e-type=\"widget\" data-widget_type=\"heading.default\">\n\t\t\t\t<div class=\"elementor-widget-container\">\n\t\t\t\t\t<h1 class=\"elementor-heading-title elementor-size-default\">$174.99<\/h1>\t\t\t\t<\/div>\n\t\t\t\t<\/div>\n\t\t\t\t<div class=\"elementor-element elementor-element-977cb67 elementor-widget elementor-widget-heading\" data-id=\"977cb67\" data-element_type=\"widget\" data-e-type=\"widget\" data-widget_type=\"heading.default\">\n\t\t\t\t<div class=\"elementor-widget-container\">\n\t\t\t\t\t<h5 class=\"elementor-heading-title elementor-size-default\">3 meses\n<\/h5>\t\t\t\t<\/div>\n\t\t\t\t<\/div>\n\t\t\t\t<div class=\"elementor-element elementor-element-6f6ce9a elementor-widget elementor-widget-heading\" data-id=\"6f6ce9a\" data-element_type=\"widget\" data-e-type=\"widget\" data-widget_type=\"heading.default\">\n\t\t\t\t<div class=\"elementor-widget-container\">\n\t\t\t\t\t<h6 class=\"elementor-heading-title elementor-size-default\">Puede seleccionar Pago total o Pago mensual.<\/h6>\t\t\t\t<\/div>\n\t\t\t\t<\/div>\n\t\t\t\t<div class=\"elementor-element elementor-element-d8916a4 elementor-widget-divider--view-line elementor-widget elementor-widget-divider\" data-id=\"d8916a4\" data-element_type=\"widget\" data-e-type=\"widget\" data-widget_type=\"divider.default\">\n\t\t\t\t<div class=\"elementor-widget-container\">\n\t\t\t\t\t\t\t<div class=\"elementor-divider\">\n\t\t\t<span class=\"elementor-divider-separator\">\n\t\t\t\t\t\t<\/span>\n\t\t<\/div>\n\t\t\t\t\t\t<\/div>\n\t\t\t\t<\/div>\n\t\t\t\t<div class=\"elementor-element elementor-element-9acb565 elementor-widget elementor-widget-text-editor\" data-id=\"9acb565\" data-element_type=\"widget\" data-e-type=\"widget\" data-widget_type=\"text-editor.default\">\n\t\t\t\t<div class=\"elementor-widget-container\">\n\t\t\t\t\t\t\t\t\t<p>Acceso especial para miembros a lecciones, ejercicios y contenido de ingl\u00e9s como segunda lengua (ESL) a su propio ritmo. CFER A1-A2<\/p><p>Programa de cursos personalizado creado por el maestro y gu\u00eda de progreso.<\/p><p>4 clases particulares de ingl\u00e9s en vivo de cortes\u00eda. Cada clase tiene una duraci\u00f3n de 50 minutos.<\/p><p>Se pueden adquirir clases individuales adicionales en cualquier momento por $24 por clase.<\/p>\t\t\t\t\t\t\t\t<\/div>\n\t\t\t\t<\/div>\n\t\t\t\t<\/div>\n\t\t<div class=\"elementor-element elementor-element-4a28741 e-con-full e-flex e-con e-child\" data-id=\"4a28741\" data-element_type=\"container\" data-e-type=\"container\" data-settings=\"{&quot;background_background&quot;:&quot;classic&quot;}\">\n\t\t\t\t<div class=\"elementor-element elementor-element-0cee69b elementor-widget__width-initial elementor-widget elementor-widget-heading\" data-id=\"0cee69b\" data-element_type=\"widget\" data-e-type=\"widget\" data-widget_type=\"heading.default\">\n\t\t\t\t<div class=\"elementor-widget-container\">\n\t\t\t\t\t<h4 class=\"elementor-heading-title elementor-size-default\">Intermedio<\/h4>\t\t\t\t<\/div>\n\t\t\t\t<\/div>\n\t\t\t\t<div class=\"elementor-element elementor-element-eaa20b5 elementor-widget elementor-widget-heading\" data-id=\"eaa20b5\" data-element_type=\"widget\" data-e-type=\"widget\" data-widget_type=\"heading.default\">\n\t\t\t\t<div class=\"elementor-widget-container\">\n\t\t\t\t\t<h1 class=\"elementor-heading-title elementor-size-default\">$228.99<\/h1>\t\t\t\t<\/div>\n\t\t\t\t<\/div>\n\t\t\t\t<div class=\"elementor-element elementor-element-2364f98 elementor-widget elementor-widget-heading\" data-id=\"2364f98\" data-element_type=\"widget\" data-e-type=\"widget\" data-widget_type=\"heading.default\">\n\t\t\t\t<div class=\"elementor-widget-container\">\n\t\t\t\t\t<h5 class=\"elementor-heading-title elementor-size-default\">3 meses\n<\/h5>\t\t\t\t<\/div>\n\t\t\t\t<\/div>\n\t\t\t\t<div class=\"elementor-element elementor-element-9f8d9aa elementor-widget elementor-widget-heading\" data-id=\"9f8d9aa\" data-element_type=\"widget\" data-e-type=\"widget\" data-widget_type=\"heading.default\">\n\t\t\t\t<div class=\"elementor-widget-container\">\n\t\t\t\t\t<h6 class=\"elementor-heading-title elementor-size-default\">Puede seleccionar Pago total o Pago mensual.<\/h6>\t\t\t\t<\/div>\n\t\t\t\t<\/div>\n\t\t\t\t<div class=\"elementor-element elementor-element-6a60f7a elementor-widget-divider--view-line elementor-widget elementor-widget-divider\" data-id=\"6a60f7a\" data-element_type=\"widget\" data-e-type=\"widget\" data-widget_type=\"divider.default\">\n\t\t\t\t<div class=\"elementor-widget-container\">\n\t\t\t\t\t\t\t<div class=\"elementor-divider\">\n\t\t\t<span class=\"elementor-divider-separator\">\n\t\t\t\t\t\t<\/span>\n\t\t<\/div>\n\t\t\t\t\t\t<\/div>\n\t\t\t\t<\/div>\n\t\t\t\t<div class=\"elementor-element elementor-element-eda5f43 elementor-widget elementor-widget-text-editor\" data-id=\"eda5f43\" data-element_type=\"widget\" data-e-type=\"widget\" data-widget_type=\"text-editor.default\">\n\t\t\t\t<div class=\"elementor-widget-container\">\n\t\t\t\t\t\t\t\t\t<p>Acceso especial para miembros a lecciones, ejercicios y contenidos de ingl\u00e9s como segunda lengua (ESL) a su propio ritmo. CFER B1-B2<\/p><p>Programa de cursos personalizado creado por el maestro y gu\u00eda de progreso.<\/p><p>4 clases particulares de ingl\u00e9s en vivo de cortes\u00eda. Cada clase tiene una duraci\u00f3n de 50 minutos.<\/p><p>Se pueden adquirir clases individuales adicionales en cualquier momento por $24 por clase.<\/p>\t\t\t\t\t\t\t\t<\/div>\n\t\t\t\t<\/div>\n\t\t\t\t<\/div>\n\t\t<div class=\"elementor-element elementor-element-ed5f46d e-con-full e-flex e-con e-child\" data-id=\"ed5f46d\" data-element_type=\"container\" data-e-type=\"container\" data-settings=\"{&quot;background_background&quot;:&quot;classic&quot;}\">\n\t\t\t\t<div class=\"elementor-element elementor-element-ef2957d elementor-widget__width-initial elementor-widget elementor-widget-heading\" data-id=\"ef2957d\" data-element_type=\"widget\" data-e-type=\"widget\" data-widget_type=\"heading.default\">\n\t\t\t\t<div class=\"elementor-widget-container\">\n\t\t\t\t\t<h4 class=\"elementor-heading-title elementor-size-default\">Avanzado<\/h4>\t\t\t\t<\/div>\n\t\t\t\t<\/div>\n\t\t\t\t<div class=\"elementor-element elementor-element-c62f9b8 elementor-widget elementor-widget-heading\" data-id=\"c62f9b8\" data-element_type=\"widget\" data-e-type=\"widget\" data-widget_type=\"heading.default\">\n\t\t\t\t<div class=\"elementor-widget-container\">\n\t\t\t\t\t<h1 class=\"elementor-heading-title elementor-size-default\">$274.99<\/h1>\t\t\t\t<\/div>\n\t\t\t\t<\/div>\n\t\t\t\t<div class=\"elementor-element elementor-element-226a7c1 elementor-widget elementor-widget-heading\" data-id=\"226a7c1\" data-element_type=\"widget\" data-e-type=\"widget\" data-widget_type=\"heading.default\">\n\t\t\t\t<div class=\"elementor-widget-container\">\n\t\t\t\t\t<h5 class=\"elementor-heading-title elementor-size-default\">3 meses\n<\/h5>\t\t\t\t<\/div>\n\t\t\t\t<\/div>\n\t\t\t\t<div class=\"elementor-element elementor-element-c092184 elementor-widget elementor-widget-heading\" data-id=\"c092184\" data-element_type=\"widget\" data-e-type=\"widget\" data-widget_type=\"heading.default\">\n\t\t\t\t<div class=\"elementor-widget-container\">\n\t\t\t\t\t<h6 class=\"elementor-heading-title elementor-size-default\">Puede seleccionar Pago total o Pago mensual.<\/h6>\t\t\t\t<\/div>\n\t\t\t\t<\/div>\n\t\t\t\t<div class=\"elementor-element elementor-element-039afbc elementor-widget-divider--view-line elementor-widget elementor-widget-divider\" data-id=\"039afbc\" data-element_type=\"widget\" data-e-type=\"widget\" data-widget_type=\"divider.default\">\n\t\t\t\t<div class=\"elementor-widget-container\">\n\t\t\t\t\t\t\t<div class=\"elementor-divider\">\n\t\t\t<span class=\"elementor-divider-separator\">\n\t\t\t\t\t\t<\/span>\n\t\t<\/div>\n\t\t\t\t\t\t<\/div>\n\t\t\t\t<\/div>\n\t\t\t\t<div class=\"elementor-element elementor-element-1769fda elementor-widget elementor-widget-text-editor\" data-id=\"1769fda\" data-element_type=\"widget\" data-e-type=\"widget\" data-widget_type=\"text-editor.default\">\n\t\t\t\t<div class=\"elementor-widget-container\">\n\t\t\t\t\t\t\t\t\t<p>Acceso especial para miembros a lecciones, ejercicios y contenido de ingl\u00e9s como segunda lengua (ESL) a su propio ritmo. CFER B2-C2<\/p><p>Programa de cursos personalizado creado por el maestro y gu\u00eda de progreso.<\/p><p>4 clases particulares de ingl\u00e9s en vivo de cortes\u00eda. Cada clase tiene una duraci\u00f3n de 50 minutos.<\/p><p>Se pueden adquirir clases individuales adicionales en cualquier momento por $24 por clase.<\/p>\t\t\t\t\t\t\t\t<\/div>\n\t\t\t\t<\/div>\n\t\t\t\t<\/div>\n\t\t\t\t<\/div>\n\t\t\t\t<div class=\"elementor-element elementor-element-f3e4f8e elementor-widget__width-initial elementor-widget elementor-widget-text-editor\" data-id=\"f3e4f8e\" data-element_type=\"widget\" data-e-type=\"widget\" data-widget_type=\"text-editor.default\">\n\t\t\t\t<div class=\"elementor-widget-container\">\n\t\t\t\t\t\t\t\t\t<p>En ProntoEnglish puedes aprender a hablar ingl\u00e9s <strong>sin compromisos ni contratos<\/strong>. Nuestros planes se adaptan a sus necesidades, con opciones de pago flexibles y cuotas.<\/p>\t\t\t\t\t\t\t\t<\/div>\n\t\t\t\t<\/div>\n\t\t\t\t<\/div>\n\t\t\t\t<\/div>","protected":false},"excerpt":{"rendered":"<p>Learn about our plans When you purchase a membership, you will have access to teachers specialized in teaching your level of English and access to online self-study ESL English interactive lessons and exercises for your level of English. Start Today Beginners $174.99 3 months You can select Total Payment or Monthly Payment Special membership access [&hellip;]<\/p>\n","protected":false},"author":2,"featured_media":0,"parent":0,"menu_order":0,"comment_status":"closed","ping_status":"closed","template":"elementor_header_footer","meta":{"footnotes":""},"class_list":["post-38","page","type-page","status-publish","hentry"],"_links":{"self":[{"href":"https:\/\/prontoenglish.com\/es\/wp-json\/wp\/v2\/pages\/38","targetHints":{"allow":["GET"]}}],"collection":[{"href":"https:\/\/prontoenglish.com\/es\/wp-json\/wp\/v2\/pages"}],"about":[{"href":"https:\/\/prontoenglish.com\/es\/wp-json\/wp\/v2\/types\/page"}],"author":[{"embeddable":true,"href":"https:\/\/prontoenglish.com\/es\/wp-json\/wp\/v2\/users\/2"}],"replies":[{"embeddable":true,"href":"https:\/\/prontoenglish.com\/es\/wp-json\/wp\/v2\/comments?post=38"}],"version-history":[{"count":83,"href":"https:\/\/prontoenglish.com\/es\/wp-json\/wp\/v2\/pages\/38\/revisions"}],"predecessor-version":[{"id":8941,"href":"https:\/\/prontoenglish.com\/es\/wp-json\/wp\/v2\/pages\/38\/revisions\/8941"}],"wp:attachment":[{"href":"https:\/\/prontoenglish.com\/es\/wp-json\/wp\/v2\/media?parent=38"}],"curies":[{"name":"wp","href":"https:\/\/api.w.org\/{rel}","templated":true}]}}